{"id":79,"date":"2020-11-07T18:29:56","date_gmt":"2020-11-07T22:29:56","guid":{"rendered":"https:\/\/msdys.com\/tienda\/?post_type=product&#038;p=79"},"modified":"2025-01-04T21:05:13","modified_gmt":"2025-01-05T01:05:13","slug":"office-365-family","status":"publish","type":"product","link":"https:\/\/msdys.com\/tienda\/producto\/office-365-family\/","title":{"rendered":"Office 365 Family"},"content":{"rendered":"<p>Microsoft 365 Familia es la opci\u00f3n perfecta para incrementar la colaboraci\u00f3n, productividad y la seguridad de tus dispositivos Se trata de una licencia anual que te brinda acceso a un conjunto de herramientas digitales capaces de satisfacer las necesidades de cada miembro de tu familia.<\/p>\n<p>A diferencia de Microsoft 365 Personal y Microsoft Home &amp; Business, la licencia de Microsoft 365 Familia ofrece ventajas diferentes tomando en cuenta que cada miembro de la familia utiliza de diferente manera su dispositivo de trabajo. \u00bfQuieres saber de qu\u00e9 se trata? aqu\u00ed te presentamos las ventajas que obtendr\u00e1s al utilizar Microsoft 365 Familia.<\/p>\n<p><strong>\u00bfQu\u00e9 incluye Microsoft 365 Familia?<\/strong><br \/>\nMicrosoft 365 Familia es una licencia hasta para 6 personas e incluye todas las herramientas b\u00e1sicas de productividad: Word, Excel, PowerPoint, Outlook, OneNote, Skype. Puede instalarse en computadoras con sistema operativo de Windows, Mac e incluso puedes instalarlo en tu dispositivo m\u00f3vil con sistema Android.<\/p>\n<p>Asimismo con tu licencia viene incluido 1 TB de almacenamiento en OneDrive, para que guardes tus fotos, videos, m\u00fasica, etc. Y todo esto disponible en espa\u00f1ol (latinoamericano).<\/p>\n<p><strong>Ventajas de usar Microsoft 365 Familia<\/strong><br \/>\nMicrosoft 365 Familia integra una aplicaci\u00f3n llamada Family Safety con la que puedes establecer l\u00edmites de tiempo y aplicar filtros de seguridad en sitios web y juegos en cada uno de tus equipos. Adem\u00e1s, con ella puedes recibir notificaciones en tiempo real cuando un familiar se dirija y llegue a su destino. Microsoft 365 Familia te permite proteger lo que m\u00e1s quieres de forma f\u00edsica y digital..<\/p>\n<p>Microsoft 365 Familia te permite explotar la creatividad de tus hijos al disfrutar de plantillas, fotos, iconos y fuentes exclusivas incluidas en las herramientas digitales. De igual manera, con la herramienta pueden trabajar simult\u00e1neamente y gozar de la protecci\u00f3n avanzada con OneDrive al guardar y compartir archivos. Todo sin importar si lo editas desde una PC, Mac o dispositivo m\u00f3vil.<\/p>\n<p>Otro punto importante sobre Microsoft 365 Familia es que puedes lograr m\u00e1s sin depender de nada ni nadie. Gracias a todas las herramientas digitales integradas podr\u00e1s administrar m\u00e1s de un calendario con todas las actividades que realiza tu familia, como reuniones de trabajo, tareas escolares, actividades extracurriculares, etc.<\/p>\n<p>Para aumentar la colaboraci\u00f3n, la productividad y la seguridad de tu familia tienes que considerar la nube, pues te brinda acceso a todos tus documentos sin importar el lugar donde te encuentres. Incluso si no tienes una conexi\u00f3n de internet. De igual manera, puedes concederle acceso a tus amigos, colegas o familiares para que vean y editen el documento desde cualquier sitio. Por \u00faltimo, contratar una licencia original de Microsoft 365 familia te asegura actualizaciones frecuentes, soporte t\u00e9cnico y mayor control en tus actividades del d\u00eda a d\u00eda.<\/p>\n","protected":false},"excerpt":{"rendered":"<h1>Microsoft Office 365 Famlily<\/h1>\n","protected":false},"featured_media":199,"comment_status":"open","ping_status":"closed","template":"","meta":[],"product_cat":[31,29],"product_tag":[51,52,53],"class_list":{"0":"post-79","1":"product","2":"type-product","3":"status-publish","4":"has-post-thumbnail","6":"product_cat-ofimatica","7":"product_cat-software","8":"product_tag-office","9":"product_tag-office365","10":"product_tag-ofimatica","11":"thunk-woo-product-list","12":"opn-qv-enable","13":"top-store-woo-hover-zoom","14":"top-store-single-product-tab-horizontal","15":"top-store-shadow-","16":"top-store-shadow-hover-","18":"first","19":"instock","20":"shipping-taxable","21":"purchasable","22":"product-type-simple"},"_links":{"self":[{"href":"https:\/\/msdys.com\/tienda\/wp-json\/wp\/v2\/product\/79","targetHints":{"allow":["GET"]}}],"collection":[{"href":"https:\/\/msdys.com\/tienda\/wp-json\/wp\/v2\/product"}],"about":[{"href":"https:\/\/msdys.com\/tienda\/wp-json\/wp\/v2\/types\/product"}],"replies":[{"embeddable":true,"href":"https:\/\/msdys.com\/tienda\/wp-json\/wp\/v2\/comments?post=79"}],"wp:featuredmedia":[{"embeddable":true,"href":"https:\/\/msdys.com\/tienda\/wp-json\/wp\/v2\/media\/199"}],"wp:attachment":[{"href":"https:\/\/msdys.com\/tienda\/wp-json\/wp\/v2\/media?parent=79"}],"wp:term":[{"taxonomy":"product_cat","embeddable":true,"href":"https:\/\/msdys.com\/tienda\/wp-json\/wp\/v2\/product_cat?post=79"},{"taxonomy":"product_tag","embeddable":true,"href":"https:\/\/msdys.com\/tienda\/wp-json\/wp\/v2\/product_tag?post=79"}],"curies":[{"name":"wp","href":"https:\/\/api.w.org\/{rel}","templated":true}]}}