{"id":70,"date":"2020-11-07T18:21:21","date_gmt":"2020-11-07T22:21:21","guid":{"rendered":"https:\/\/msdys.com\/tienda\/?post_type=product&#038;p=70"},"modified":"2025-01-04T21:09:35","modified_gmt":"2025-01-05T01:09:35","slug":"antivirus-kaspersy-small-office-5-equipos","status":"publish","type":"product","link":"https:\/\/msdys.com\/tienda\/producto\/antivirus-kaspersy-small-office-5-equipos\/","title":{"rendered":"Antivirus Kaspersy Small Office 5 Equipos"},"content":{"rendered":"<p>Antivirus Kaspersky Small Office 5 Equipos, Proteccion durante 1 a\u00f1o<\/p>\n<p>Para propietarios de peque\u00f1as empresas con mucho que hacer<\/p>\n<p>La simplicidad de la protecci\u00f3n de las PC dom\u00e9sticas con funcionalidades especiales para mantener su empresa segura<br \/>\nDise\u00f1ado espec\u00edficamente para empresas muy peque\u00f1as<br \/>\nPara \u201cconfigurar una vez y para siempre\u201d no se requieren habilidades de TI<br \/>\nSeguridad para computadoras, servidores, celulares, datos y dinero<\/p>\n<p>Caracter\u00edsticas para sus necesidades empresariales<br \/>\nKaspersky Small Office Security combina la simplicidad de la protecci\u00f3n para PC dom\u00e9sticas con caracter\u00edsticas especiales que cuidan de su empresa mientras los empleados llevan adelante sus tareas. Nuestra tecnolog\u00eda de seguridad, que se configura una vez y para siempre, protege sus PC y equipos port\u00e1tiles, ya sean Windows o Mac, as\u00ed como sus servidores de archivos Windows, a fin de resguardar sus archivos m\u00e1s valiosos.<\/p>\n<p>Hace su trabajo mientras usted hace el suyo<\/p>\n<p>Funciona perfectamente en cualquier dispositivo: PC, Mac, servidores de archivos Windows y dispositivos m\u00f3viles Android.<br \/>\nInternet segura y privacidad total<br \/>\nProtege su empresa de los usuarios maliciosos que intentan apoderarse de sus datos o su red<br \/>\nPortal web c\u00f3modo: ksos.kaspersky.com<br \/>\nVerifique el estado de su licencia en cualquier momento, proteja dispositivos nuevos con tan solo enviar un v\u00ednculo por correo electr\u00f3nico y bloquee dispositivos robados o perdidos de manera remota.<\/p>\n","protected":false},"excerpt":{"rendered":"<h1>Antivirus Kaspersky Small Office<\/h1>\n","protected":false},"featured_media":71,"comment_status":"open","ping_status":"closed","template":"","meta":[],"product_cat":[30,29],"product_tag":[45,46],"class_list":{"0":"post-70","1":"product","2":"type-product","3":"status-publish","4":"has-post-thumbnail","6":"product_cat-antivirus","7":"product_cat-software","8":"product_tag-antivirus","9":"product_tag-proteccion","10":"thunk-woo-product-list","11":"opn-qv-enable","12":"top-store-woo-hover-zoom","13":"top-store-single-product-tab-horizontal","14":"top-store-shadow-","15":"top-store-shadow-hover-","17":"first","18":"instock","19":"shipping-taxable","20":"purchasable","21":"product-type-simple"},"_links":{"self":[{"href":"https:\/\/msdys.com\/tienda\/wp-json\/wp\/v2\/product\/70","targetHints":{"allow":["GET"]}}],"collection":[{"href":"https:\/\/msdys.com\/tienda\/wp-json\/wp\/v2\/product"}],"about":[{"href":"https:\/\/msdys.com\/tienda\/wp-json\/wp\/v2\/types\/product"}],"replies":[{"embeddable":true,"href":"https:\/\/msdys.com\/tienda\/wp-json\/wp\/v2\/comments?post=70"}],"wp:featuredmedia":[{"embeddable":true,"href":"https:\/\/msdys.com\/tienda\/wp-json\/wp\/v2\/media\/71"}],"wp:attachment":[{"href":"https:\/\/msdys.com\/tienda\/wp-json\/wp\/v2\/media?parent=70"}],"wp:term":[{"taxonomy":"product_cat","embeddable":true,"href":"https:\/\/msdys.com\/tienda\/wp-json\/wp\/v2\/product_cat?post=70"},{"taxonomy":"product_tag","embeddable":true,"href":"https:\/\/msdys.com\/tienda\/wp-json\/wp\/v2\/product_tag?post=70"}],"curies":[{"name":"wp","href":"https:\/\/api.w.org\/{rel}","templated":true}]}}