{"id":40,"date":"2020-11-07T15:15:53","date_gmt":"2020-11-07T19:15:53","guid":{"rendered":"https:\/\/msdys.com\/tienda\/?post_type=product&#038;p=40"},"modified":"2025-01-04T21:11:45","modified_gmt":"2025-01-05T01:11:45","slug":"camara-bullet-varifocal-hikvision","status":"publish","type":"product","link":"https:\/\/msdys.com\/tienda\/producto\/camara-bullet-varifocal-hikvision\/","title":{"rendered":"Camara Bullet Varifocal Hikvision"},"content":{"rendered":"<p>C\u00f3digo modelo: DS-2CD2620F-I<br \/>\nTama\u00f1o de la pulgada del chip: 1\/3 de pulgada<br \/>\nTipo de color: color \/ monocromo<br \/>\nResoluci\u00f3n: resoluci\u00f3n de 2 MP<br \/>\nHikvision DS-2CD2620F-I es una c\u00e1mara de bala IR varifocal de 2 megap\u00edxeles con las siguientes caracter\u00edsticas:<br \/>\nDNR 3D<br \/>\nAjuste de 3 ejes<br \/>\nAdmite detecci\u00f3n de intrusos y detecci\u00f3n de cruce de l\u00ednea<br \/>\nAdmite VCA, que es compatible con NVR por segunda vez de b\u00fasqueda y an\u00e1lisis de video<br \/>\nFiltro de corte IR con interruptor autom\u00e1tico<\/p>\n","protected":false},"excerpt":{"rendered":"<h1>Camara Bullet Varifocal Hikvision<\/h1>\n","protected":false},"featured_media":43,"comment_status":"open","ping_status":"closed","template":"","meta":[],"product_cat":[19,23],"product_tag":[38,40,39],"class_list":{"0":"post-40","1":"product","2":"type-product","3":"status-publish","4":"has-post-thumbnail","6":"product_cat-camaras","7":"product_cat-camaras-bullet-ip","8":"product_tag-camaras","9":"product_tag-ip","10":"product_tag-varifocal","11":"thunk-woo-product-list","12":"opn-qv-enable","13":"top-store-woo-hover-zoom","14":"top-store-single-product-tab-horizontal","15":"top-store-shadow-","16":"top-store-shadow-hover-","18":"first","19":"instock","20":"shipping-taxable","21":"purchasable","22":"product-type-simple"},"_links":{"self":[{"href":"https:\/\/msdys.com\/tienda\/wp-json\/wp\/v2\/product\/40","targetHints":{"allow":["GET"]}}],"collection":[{"href":"https:\/\/msdys.com\/tienda\/wp-json\/wp\/v2\/product"}],"about":[{"href":"https:\/\/msdys.com\/tienda\/wp-json\/wp\/v2\/types\/product"}],"replies":[{"embeddable":true,"href":"https:\/\/msdys.com\/tienda\/wp-json\/wp\/v2\/comments?post=40"}],"wp:featuredmedia":[{"embeddable":true,"href":"https:\/\/msdys.com\/tienda\/wp-json\/wp\/v2\/media\/43"}],"wp:attachment":[{"href":"https:\/\/msdys.com\/tienda\/wp-json\/wp\/v2\/media?parent=40"}],"wp:term":[{"taxonomy":"product_cat","embeddable":true,"href":"https:\/\/msdys.com\/tienda\/wp-json\/wp\/v2\/product_cat?post=40"},{"taxonomy":"product_tag","embeddable":true,"href":"https:\/\/msdys.com\/tienda\/wp-json\/wp\/v2\/product_tag?post=40"}],"curies":[{"name":"wp","href":"https:\/\/api.w.org\/{rel}","templated":true}]}}