{"id":232,"date":"2023-04-03T11:28:22","date_gmt":"2023-04-03T15:28:22","guid":{"rendered":"https:\/\/msdys.com\/tienda\/?post_type=product&#038;p=232"},"modified":"2025-01-04T20:43:37","modified_gmt":"2025-01-05T00:43:37","slug":"c8c","status":"publish","type":"product","link":"https:\/\/msdys.com\/tienda\/producto\/c8c\/","title":{"rendered":"C8C"},"content":{"rendered":"<p style=\"text-align: left;\">c\u00e1mara exterior ip65 pt ip wifi hd 1080p 2mp, 3d dnr, wdr<br \/>\nreal, microsd 256gb, deteccion de movimiento y luz<br \/>\nestroboscopica, visi\u00f3n nocturna a color 24\/7, ir 30m,<br \/>\nmicrofono y altavoz integrados, grabaci\u00f3n de audio,<br \/>\ninteligencia artificial para mejorar la detecci\u00f3n de<br \/>\npersonas, compresion h.265<\/p>\n","protected":false},"excerpt":{"rendered":"<p>C8C es la primera c\u00e1mara con wifi para el exterior con movimiento panor\u00e1mico\/inclinaci\u00f3n de EZVIZ, un avance gigante que combina dise\u00f1o exquisito con funcionalidad completa. Al capturar m\u00e1s detalles que cualquier otra c\u00e1mara para el exterior, esta c\u00e1mara asegura una protecci\u00f3n confiable en todo el espacio exterior.<\/p>\n","protected":false},"featured_media":233,"comment_status":"open","ping_status":"closed","template":"","meta":[],"product_cat":[19,22,26],"product_tag":[38,89],"class_list":{"0":"post-232","1":"product","2":"type-product","3":"status-publish","4":"has-post-thumbnail","6":"product_cat-camaras","7":"product_cat-camaras-domo-ip","8":"product_cat-camaras-hd","9":"product_tag-camaras","10":"product_tag-camaras-de-seguridad","11":"thunk-woo-product-list","12":"opn-qv-enable","13":"top-store-woo-hover-zoom","14":"top-store-single-product-tab-horizontal","15":"top-store-shadow-","16":"top-store-shadow-hover-","18":"first","19":"instock","20":"sale","21":"shipping-taxable","22":"purchasable","23":"product-type-simple"},"_links":{"self":[{"href":"https:\/\/msdys.com\/tienda\/wp-json\/wp\/v2\/product\/232","targetHints":{"allow":["GET"]}}],"collection":[{"href":"https:\/\/msdys.com\/tienda\/wp-json\/wp\/v2\/product"}],"about":[{"href":"https:\/\/msdys.com\/tienda\/wp-json\/wp\/v2\/types\/product"}],"replies":[{"embeddable":true,"href":"https:\/\/msdys.com\/tienda\/wp-json\/wp\/v2\/comments?post=232"}],"wp:featuredmedia":[{"embeddable":true,"href":"https:\/\/msdys.com\/tienda\/wp-json\/wp\/v2\/media\/233"}],"wp:attachment":[{"href":"https:\/\/msdys.com\/tienda\/wp-json\/wp\/v2\/media?parent=232"}],"wp:term":[{"taxonomy":"product_cat","embeddable":true,"href":"https:\/\/msdys.com\/tienda\/wp-json\/wp\/v2\/product_cat?post=232"},{"taxonomy":"product_tag","embeddable":true,"href":"https:\/\/msdys.com\/tienda\/wp-json\/wp\/v2\/product_tag?post=232"}],"curies":[{"name":"wp","href":"https:\/\/api.w.org\/{rel}","templated":true}]}}