{"id":191,"date":"2022-12-27T19:20:00","date_gmt":"2022-12-27T23:20:00","guid":{"rendered":"https:\/\/msdys.com\/tienda\/?post_type=product&#038;p=191"},"modified":"2025-01-04T20:49:11","modified_gmt":"2025-01-05T00:49:11","slug":"bateria-12v-7ah","status":"publish","type":"product","link":"https:\/\/msdys.com\/tienda\/producto\/bateria-12v-7ah\/","title":{"rendered":"Bateria 12v 7ah"},"content":{"rendered":"<p>Bateria 12v 7ah<\/p>\n<p>&nbsp;<\/p>\n<p>&#8211; Las bater\u00edas EPCOM POWER LINE son una de las mejores opciones en el mercado, son de alto rendimiento, fabricadas bajo los m\u00e1s altos est\u00e1ndares de calidad y est\u00e1n dise\u00f1adas para aplicaciones de alta confiabilidad.<\/p>\n<p>&#8211; Las bater\u00edas siempre deben ser de la mejor calidad, ya que en su operaci\u00f3n normal, estar\u00e1n expuestas por un lado a la acci\u00f3n del ambiente f\u00edsico local (temperatura y la humedad, principalmente); y por el otro, podr\u00e1n estar inmersas en un ambiente no amigable. Estas son algunas de las razones por la que las bater\u00edas deben de ser confiables en lo que se refiere a su operaci\u00f3n, y sus requerimientos de mantenimiento deben ser m\u00ednimos y sencillos.<\/p>\n<p>Capacidad en Ah: 7.<br \/>\nVoltaje (Vcd): 12.<br \/>\nTipo: AGM\/VRLA.<\/p>\n","protected":false},"excerpt":{"rendered":"<h1>Bateria 12v 7ah<\/h1>\n","protected":false},"featured_media":192,"comment_status":"open","ping_status":"closed","template":"","meta":[],"product_cat":[100],"product_tag":[101,66,65],"class_list":{"0":"post-191","1":"product","2":"type-product","3":"status-publish","4":"has-post-thumbnail","6":"product_cat-baterias","7":"product_tag-baterias","8":"product_tag-respaldo","9":"product_tag-ups","10":"thunk-woo-product-list","11":"opn-qv-enable","12":"top-store-woo-hover-zoom","13":"top-store-single-product-tab-horizontal","14":"top-store-shadow-","15":"top-store-shadow-hover-","17":"first","18":"instock","19":"shipping-taxable","20":"purchasable","21":"product-type-simple"},"_links":{"self":[{"href":"https:\/\/msdys.com\/tienda\/wp-json\/wp\/v2\/product\/191","targetHints":{"allow":["GET"]}}],"collection":[{"href":"https:\/\/msdys.com\/tienda\/wp-json\/wp\/v2\/product"}],"about":[{"href":"https:\/\/msdys.com\/tienda\/wp-json\/wp\/v2\/types\/product"}],"replies":[{"embeddable":true,"href":"https:\/\/msdys.com\/tienda\/wp-json\/wp\/v2\/comments?post=191"}],"wp:featuredmedia":[{"embeddable":true,"href":"https:\/\/msdys.com\/tienda\/wp-json\/wp\/v2\/media\/192"}],"wp:attachment":[{"href":"https:\/\/msdys.com\/tienda\/wp-json\/wp\/v2\/media?parent=191"}],"wp:term":[{"taxonomy":"product_cat","embeddable":true,"href":"https:\/\/msdys.com\/tienda\/wp-json\/wp\/v2\/product_cat?post=191"},{"taxonomy":"product_tag","embeddable":true,"href":"https:\/\/msdys.com\/tienda\/wp-json\/wp\/v2\/product_tag?post=191"}],"curies":[{"name":"wp","href":"https:\/\/api.w.org\/{rel}","templated":true}]}}