{"id":185,"date":"2022-12-27T18:39:42","date_gmt":"2022-12-27T22:39:42","guid":{"rendered":"https:\/\/msdys.com\/tienda\/?post_type=product&#038;p=185"},"modified":"2025-01-04T20:51:27","modified_gmt":"2025-01-05T00:51:27","slug":"office-2019-professional-plus","status":"publish","type":"product","link":"https:\/\/msdys.com\/tienda\/producto\/office-2019-professional-plus\/","title":{"rendered":"Office 2019 Professional Plus"},"content":{"rendered":"<p>Microsoft Office 2019 es una versi\u00f3n de la suite de ofim\u00e1tica Microsoft Office. Es la sucesora de Office 2016 y la predecesora de Microsoft Office 2021. Fue anunciado el 6 de septiembre de 2017 en Microsoft Ignite, y se lanz\u00f3 comercialmente el 24 de septiembre de 2018 para Mac y posteriormente para Windows<\/p>\n<p>Microsoft Office 2019 solo es compatible con Windows 10 y sistemas superiores, abandonando el soporte de la suite ofim\u00e1tica para Windows 8 y Windows 7 y la primera versi\u00f3n de Office perpetua, en emplear la tecnolog\u00eda Click to run (Hacer click y ejecutar) como \u00fanico m\u00e9todo de instalaci\u00f3n en vez del MSI tradicional, con el fin de reducir el tiempo de instalaci\u00f3n y actualizaci\u00f3n.<\/p>\n<p>La suite de Microsoft Office 2019, durante su soporte no recibira nuevas caracter\u00edsticas, solo actualizaciones de seguridad y solo contara con cinco a\u00f1os de soporte t\u00e9cnico y dos extendido, finalizando en 2025, junto con Office 2016.<\/p>\n<p>Algunas caracter\u00edsticas que antes estaban disponibles solamente para los suscriptores de Office 365 estar\u00e1n disponibles en esta versi\u00f3n para todos los usuarios.2\u200b<\/p>\n<p><strong>Caracter\u00edsticas<\/strong><br \/>\nOffice 2019 contiene todas las caracter\u00edsticas de Microsoft Office 365, incluyendo funciones mejoradas de dibujo en pantalla t\u00e1ctil, nuevas animaciones en PowerPoint incluyendo las opciones Transformaci\u00f3n y Zoom, y nuevas f\u00f3rmulas y gr\u00e1ficos en Excel para el an\u00e1lisis de datos. Esta versi\u00f3n solo se ejecutar\u00e1 en Windows 10 o Windows Server 2016. Adem\u00e1s, Office 2019 no recibir\u00e1 10 a\u00f1os de soporte como la mayor\u00eda de las versiones anteriores. Recibir\u00e1 5 a\u00f1os de soporte est\u00e1ndar, pero solo tendr\u00e1 dos a\u00f1os de soporte extendido.<\/p>\n<p>A pesar de que se lanz\u00f3 en el mismo mes, la nueva interfaz de usuario de Office en Word, Excel, PowerPoint y Outlook solo est\u00e1 disponible para los suscriptores de Office 365, no para las licencias de Office 2019 perpetuas.\u200b En t\u00e9rminos generales, la interfaz de Office 2019 es la misma de la ya conocida de la versi\u00f3n 2016 con peque\u00f1as diferencias, y por lo tanto, es la misma interfaz de Office Online vigente.<\/p>\n<p>Las actualizaciones de nuevas funciones no estar\u00e1n disponibles para Microsoft Office 2019. Solo recibir\u00e1 actualizaciones de seguridad.<\/p>\n<p>&nbsp;<\/p>\n<p>&nbsp;<\/p>\n","protected":false},"excerpt":{"rendered":"<h1>Microsoft Office 2019 Professional Plus<\/h1>\n","protected":false},"featured_media":186,"comment_status":"open","ping_status":"closed","template":"","meta":[],"product_cat":[31,29],"product_tag":[51,52,53],"class_list":{"0":"post-185","1":"product","2":"type-product","3":"status-publish","4":"has-post-thumbnail","6":"product_cat-ofimatica","7":"product_cat-software","8":"product_tag-office","9":"product_tag-office365","10":"product_tag-ofimatica","11":"thunk-woo-product-list","12":"opn-qv-enable","13":"top-store-woo-hover-zoom","14":"top-store-single-product-tab-horizontal","15":"top-store-shadow-","16":"top-store-shadow-hover-","18":"first","19":"instock","20":"sale","21":"shipping-taxable","22":"purchasable","23":"product-type-simple"},"_links":{"self":[{"href":"https:\/\/msdys.com\/tienda\/wp-json\/wp\/v2\/product\/185","targetHints":{"allow":["GET"]}}],"collection":[{"href":"https:\/\/msdys.com\/tienda\/wp-json\/wp\/v2\/product"}],"about":[{"href":"https:\/\/msdys.com\/tienda\/wp-json\/wp\/v2\/types\/product"}],"replies":[{"embeddable":true,"href":"https:\/\/msdys.com\/tienda\/wp-json\/wp\/v2\/comments?post=185"}],"wp:featuredmedia":[{"embeddable":true,"href":"https:\/\/msdys.com\/tienda\/wp-json\/wp\/v2\/media\/186"}],"wp:attachment":[{"href":"https:\/\/msdys.com\/tienda\/wp-json\/wp\/v2\/media?parent=185"}],"wp:term":[{"taxonomy":"product_cat","embeddable":true,"href":"https:\/\/msdys.com\/tienda\/wp-json\/wp\/v2\/product_cat?post=185"},{"taxonomy":"product_tag","embeddable":true,"href":"https:\/\/msdys.com\/tienda\/wp-json\/wp\/v2\/product_tag?post=185"}],"curies":[{"name":"wp","href":"https:\/\/api.w.org\/{rel}","templated":true}]}}