{"id":115,"date":"2020-11-11T17:02:13","date_gmt":"2020-11-11T21:02:13","guid":{"rendered":"https:\/\/msdys.com\/appointment\/?page_id=115"},"modified":"2023-02-09T09:53:47","modified_gmt":"2023-02-09T13:53:47","slug":"progamador-de-visitas","status":"publish","type":"page","link":"https:\/\/msdys.com\/appointment\/","title":{"rendered":"Progamador de Visitas y Soporte"},"content":{"rendered":"\t\t<div data-elementor-type=\"wp-page\" data-elementor-id=\"115\" class=\"elementor elementor-115\">\n\t\t\t\t\t\t<div class=\"elementor-inner\">\n\t\t\t\t<div class=\"elementor-section-wrap\">\n\t\t\t\t\t\t\t\t\t<section class=\"elementor-section elementor-top-section elementor-element elementor-element-39a1049 elementor-section-content-middle elementor-section-boxed elementor-section-height-default elementor-section-height-default\" data-id=\"39a1049\" data-element_type=\"section\" data-settings=\"{&quot;background_background&quot;:&quot;classic&quot;}\">\n\t\t\t\t\t\t<div class=\"elementor-container elementor-column-gap-no\">\n\t\t\t\t\t\t\t<div class=\"elementor-row\">\n\t\t\t\t\t<div class=\"elementor-column elementor-col-100 elementor-top-column elementor-element elementor-element-444e8277\" data-id=\"444e8277\" data-element_type=\"column\">\n\t\t\t<div class=\"elementor-column-wrap elementor-element-populated\">\n\t\t\t\t\t\t\t<div class=\"elementor-widget-wrap\">\n\t\t\t\t\t\t<div class=\"elementor-element elementor-element-385ba0a8 elementor-widget elementor-widget-heading\" data-id=\"385ba0a8\" data-element_type=\"widget\" data-widget_type=\"heading.default\">\n\t\t\t\t<div class=\"elementor-widget-container\">\n\t\t\t<h4 class=\"elementor-heading-title elementor-size-default\">Seleccione Un d\u00eda para programar una Visita o Soporte<\/h4>\t\t<\/div>\n\t\t\t\t<\/div>\n\t\t\t\t<div class=\"elementor-element elementor-element-758d0a1 elementor-widget elementor-widget-wp-widget-bookingwidget\" data-id=\"758d0a1\" data-element_type=\"widget\" data-widget_type=\"wp-widget-bookingwidget.default\">\n\t\t\t\t<div class=\"elementor-widget-container\">\n\t\t\t<div class='widget_wpdev_booking wpdevelop months_num_in_row_1'> <div id=\"form_id1019160960660\" class=\"wpdevelop\"><form  id=\"booking_form1\"   class=\"booking_form vertical\" method=\"post\" action=\"\"><div id=\"ajax_respond_insert1\" class=\"ajax_respond_insert\" style=\"display:none;\"><\/div><a name=\"bklnk1\" id=\"bklnk1\"><\/a><div id=\"booking_form_div1\" class=\"booking_form_div\"><div class=\"wpbc_booking_form_structure wpbc_form_right\">\n  <div class=\"wpbc_structure_calendar\">\n    <div class=\"wpbc_change_over_triangle\"><div class=\"bk_calendar_frame months_num_in_row_ cal_month_num_1 wpbc_timeslot_day_bg_as_available\" style=\"width:100%;max-width:284px;\"><div id=\"calendar_booking1\">Cargando Calendario...<\/div><\/div><div style=\"font-size:9px;text-align:left;margin-top:3px;\">Powered by <a style=\"font-size:9px;\" href=\"https:\/\/wpbookingcalendar.com\" target=\"_blank\" title=\"Booking Calendar plugin for WordPress\">Booking Calendar<\/a><\/div><textarea id=\"date_booking1\" name=\"date_booking1\" autocomplete=\"off\" style=\"display:none;\"><\/textarea><\/div>\n  <\/div>\n  <div class=\"wpbc_structure_form\">\n  <div class=\"form-group\">  <label for=\"name1\" class=\"control-label\">Nombre*:<\/label>   <div class=\"controls\">   <input type=\"text\" name=\"name1\" id=\"name1\" class=\"input-xlarge wpdev-validates-as-required\" \/><\/div><\/div>  <div class=\"form-group\">  <label for=\"secondname1\" class=\"control-label\">Apellido*:<\/label>   <div class=\"controls\">   <input type=\"text\" name=\"secondname1\" id=\"secondname1\" class=\"input-xlarge wpdev-validates-as-required\" \/><\/div><\/div>  <div class=\"form-group\">  <label for=\"email1\" class=\"control-label\">Email*:<\/label>   <div class=\"controls\">   <input type=\"text\" name=\"email1\" id=\"email1\" class=\"input-xlarge wpdev-validates-as-email wpdev-validates-as-required wpdev-validates-as-required\" \/><\/div><\/div>  <div class=\"form-group\">  <label for=\"phone1\" class=\"control-label\">Tel\u00e9fono:<\/label>   <div class=\"controls\">   <input type=\"text\" name=\"phone1\" id=\"phone1\" class=\"input-xlarge\" \/><\/div><\/div>  <div class=\"form-group\">  <label for=\"details1\" class=\"control-label\">Motivo de la Visita:<\/label>   <div class=\"controls\">   <textarea  rows=\"3\" name=\"details1\" id=\"details1\" class=\"input-xlarge\" ><\/textarea><\/div><\/div>  <div class=\"form-group\">  <label for=\"rangetime1\" class=\"control-label\">Bloques de Tiempo*:<\/label>   <div class=\"controls\">   <select name=\"rangetime1\" id=\"rangetime1\" class=\"input-xlarge wpdev-validates-as-required\" >  <option value=\"08:00 - 10:00\" >8:00 AM - 10:00 AM<\/option>  <option value=\"10:00 - 12:00\" >10:00 AM - 12:00 PM<\/option>  <option value=\"13:00 - 15:00\" >1:00 PM - 3:00 PM<\/option>  <option value=\"15:00 - 17:00\" >3:00 PM - 5:00 PM<\/option>     <\/select><\/div><\/div>  <div class=\"form-group\">  <label for=\"servicios1\" class=\"control-label\">Servicios*:<\/label>   <div class=\"controls\">   <select name=\"servicios1\" id=\"servicios1\" class=\"input-xlarge wpdev-validates-as-required\" >  <option value=\"Asesor\u00eda\" >Asesor\u00eda<\/option>  <option value=\"Asistencia Remota\" >Asistencia Remota<\/option>  <option value=\"C\u00e1maras De Seguridad\" >C\u00e1maras De Seguridad<\/option>  <option value=\"Dise\u00f1o y Desarrollo Web\" >Dise\u00f1o y Desarrollo Web<\/option>  <option value=\"Otros\" >Otros<\/option>  <option value=\"Redes\" >Redes<\/option>  <option value=\"Soporte y Servicio T\u00e9cnico\" >Soporte y Servicio T\u00e9cnico<\/option>     <\/select><\/div><\/div><div class=\"form-group\"><input  autocomplete=\"off\" type=\"hidden\" name=\"wpdev_captcha_challenge_1\"  id=\"wpdev_captcha_challenge_1\" value=\"1976969441\" \/><input  autocomplete=\"off\" type=\"text\" class=\"captachinput\" value=\"\" name=\"captcha_input1\" id=\"captcha_input1\" \/><img decoding=\"async\" class=\"captcha_img\"  id=\"captcha_img1\" alt=\"captcha\" src=\"https:\/\/msdys.com\/appointment\/wp-content\/plugins\/booking\/js\/captcha\/tmp\/1976969441.png\" \/><span id=\"captcha_msg1\" class=\"wpdev-help-message\" ><\/span><\/div>\n<div class=\"form-group\"><button class=\"btn btn-default\" type=\"button\" onclick=\"mybooking_submit(this.form,1,'es_ES');\" >Enviar<\/button><\/div>\n  <\/div>\n<\/div>\n<div class=\"wpbc_booking_form_footer\"><\/div><input id=\"bk_type1\" name=\"bk_type1\" class=\"\" type=\"hidden\" value=\"1\" \/><\/div><div id=\"submiting1\"><\/div><div class=\"form_bk_messages\" id=\"form_bk_messages1\" ><\/div><input type=\"hidden\" id=\"wpbc_nonce1\" name=\"wpbc_nonce1\" value=\"d0db158d48\" \/><input type=\"hidden\" name=\"_wp_http_referer\" value=\"\/appointment\/index.php\/wp-json\/wp\/v2\/pages\/115\" \/><input type=\"hidden\" id=\"wpbc_nonceCALCULATE_THE_COST1\" name=\"wpbc_nonceCALCULATE_THE_COST1\" value=\"8993d95099\" \/><input type=\"hidden\" name=\"_wp_http_referer\" value=\"\/appointment\/index.php\/wp-json\/wp\/v2\/pages\/115\" \/><\/form><\/div><div id=\"booking_form_garbage1\" class=\"booking_form_garbage\"><\/div><script type=\"text\/javascript\">\n                                jQuery(document).ready( function(){\n                                    jQuery(\".widget_wpdev_booking .booking_form.form-horizontal\").removeClass(\"form-horizontal\");\n                                    var visible_booking_id_on_page_num = visible_booking_id_on_page.length;\n                                    if (visible_booking_id_on_page_num !== null ) {\n                                        for (var i=0;i< visible_booking_id_on_page_num ;i++){\n                                          if ( visible_booking_id_on_page[i]==\"booking_form_div1\" ) {\n                                              document.getElementById(\"form_id1019160960660\").innerHTML = \"<span style='color:#A00;font-size:10px;'>Advertencia! calendario de reserva para este recurso est\u00e1 adem\u00e1s en la p\u00e1gina, compruebe m\u00e1s acerca de este problema en esta p\u00e1gina: https:\/\/wpbookingcalendar.com\/faq\/why-the-booking-calendar-widget-not-show-on-page\/<\/span>\";                                                                                                  \n                                              jQuery(\"#form_id1019160960660\").animate( {opacity: 1}, 10000 ).fadeOut(5000);\n                                              return;\n                                          }\n                                        }\n                                        visible_booking_id_on_page[ visible_booking_id_on_page_num ]=\"booking_form_div1\";\n                                    }\n                                });\n                            <\/script> <script type='text\/javascript'>  jQuery(document).ready( function(){  date_admin_blank[1] = [];  date2approve[1] = [];  var date_approved_par = [];  init_datepick_cal('1', date_approved_par, 1 , 1, false   );  }); <\/script><\/div>\t\t<\/div>\n\t\t\t\t<\/div>\n\t\t\t\t<div class=\"elementor-element elementor-element-6f702353 elementor-widget elementor-widget-text-editor\" data-id=\"6f702353\" data-element_type=\"widget\" data-widget_type=\"text-editor.default\">\n\t\t\t\t<div class=\"elementor-widget-container\">\n\t\t\t\t\t\t\t\t<div class=\"elementor-text-editor elementor-clearfix\">\n\t\t\t\t\t\t\t\t\t<\/div>\n\t\t\t\t\t\t<\/div>\n\t\t\t\t<\/div>\n\t\t\t\t<section class=\"elementor-section elementor-inner-section elementor-element elementor-element-2e35c8bf elementor-section-content-middle elementor-section-boxed elementor-section-height-default elementor-section-height-default\" data-id=\"2e35c8bf\" data-element_type=\"section\">\n\t\t\t\t\t\t<div class=\"elementor-container elementor-column-gap-no\">\n\t\t\t\t\t\t\t<div class=\"elementor-row\">\n\t\t\t\t\t<div class=\"elementor-column elementor-col-100 elementor-inner-column elementor-element elementor-element-762f5d34\" data-id=\"762f5d34\" data-element_type=\"column\">\n\t\t\t<div class=\"elementor-column-wrap elementor-element-populated\">\n\t\t\t\t\t\t\t<div class=\"elementor-widget-wrap\">\n\t\t\t\t\t\t<div class=\"elementor-element elementor-element-4ec6d279 elementor-align-center elementor-widget elementor-widget-button\" data-id=\"4ec6d279\" data-element_type=\"widget\" data-widget_type=\"button.default\">\n\t\t\t\t<div class=\"elementor-widget-container\">\n\t\t\t\t\t<div class=\"elementor-button-wrapper\">\n\t\t\t<a href=\"#\" class=\"elementor-button-link elementor-button elementor-size-sm elementor-animation-grow\" role=\"button\">\n\t\t\t\t\t\t<span class=\"elementor-button-content-wrapper\">\n\t\t\t\t\t\t<span class=\"elementor-button-text\">Programar visita<\/span>\n\t\t<\/span>\n\t\t\t\t\t<\/a>\n\t\t<\/div>\n\t\t\t\t<\/div>\n\t\t\t\t<\/div>\n\t\t\t\t\t\t<\/div>\n\t\t\t\t\t<\/div>\n\t\t<\/div>\n\t\t\t\t\t\t\t\t<\/div>\n\t\t\t\t\t<\/div>\n\t\t<\/section>\n\t\t\t\t\t\t<\/div>\n\t\t\t\t\t<\/div>\n\t\t<\/div>\n\t\t\t\t\t\t\t\t<\/div>\n\t\t\t\t\t<\/div>\n\t\t<\/section>\n\t\t\t\t<section class=\"elementor-section elementor-top-section elementor-element elementor-element-716767d elementor-section-boxed elementor-section-height-default elementor-section-height-default\" data-id=\"716767d\" data-element_type=\"section\">\n\t\t\t\t\t\t<div class=\"elementor-container elementor-column-gap-default\">\n\t\t\t\t\t\t\t<div class=\"elementor-row\">\n\t\t\t\t\t<div class=\"elementor-column elementor-col-100 elementor-top-column elementor-element elementor-element-5022573\" data-id=\"5022573\" data-element_type=\"column\">\n\t\t\t<div class=\"elementor-column-wrap elementor-element-populated\">\n\t\t\t\t\t\t\t<div class=\"elementor-widget-wrap\">\n\t\t\t\t\t\t<div class=\"elementor-element elementor-element-e0004f8 elementor-widget elementor-widget-html\" data-id=\"e0004f8\" data-element_type=\"widget\" data-widget_type=\"html.default\">\n\t\t\t\t<div class=\"elementor-widget-container\">\n\t\t\t<div id=\"smart-button-container\">\r\n      <div style=\"text-align: center;\">\r\n        <div style=\"margin-bottom: 1.25rem;\">\r\n          <p>Seleccione una Opci\u00f3n<\/p>\r\n          <select id=\"item-options\"><option value=\"Asesor\u00eda  (2 Horas)\" price=\"30\">Asesor\u00eda  (2 Horas) - 70 USD<\/option><option value=\"Asistencia Remota (2 Horas)\" price=\"30\">Asistencia Remota (2 Horas) - 50 USD<\/option><option value=\"Soporte y Servicio T\u00e9cnico (2 Horas)\" price=\"30\">Soporte y Servicio T\u00e9cnico (2 Horas) - 70 USD<\/option><\/select>\r\n          <select style=\"visibility: hidden\" id=\"quantitySelect\"><\/select>\r\n        <\/div>\r\n      <div id=\"paypal-button-container\"><\/div>\r\n      <\/div>\r\n    <\/div>\r\n   \r\n    \r\n   \r\n  \r\n  \r\n\t\t<\/div>\n\t\t\t\t<\/div>\n\t\t\t\t\t\t<\/div>\n\t\t\t\t\t<\/div>\n\t\t<\/div>\n\t\t\t\t\t\t\t\t<\/div>\n\t\t\t\t\t<\/div>\n\t\t<\/section>\n\t\t\t\t\t\t\t\t\t<\/div>\n\t\t\t<\/div>\n\t\t\t\t\t<\/div>\n\t\t","protected":false},"excerpt":{"rendered":"<p>Seleccione Un d\u00eda para programar una Visita o Soporte Programar visita Seleccione una Opci\u00f3n Asesor\u00eda (2 Horas) &#8211; 70 USDAsistencia Remota (2 Horas) &#8211; 50 USDSoporte y Servicio T\u00e9cnico (2 Horas) &#8211; 70 USD<\/p>\n","protected":false},"author":1,"featured_media":0,"parent":0,"menu_order":0,"comment_status":"closed","ping_status":"closed","template":"","meta":{"footnotes":""},"class_list":["post-115","page","type-page","status-publish","hentry"],"_links":{"self":[{"href":"https:\/\/msdys.com\/appointment\/index.php\/wp-json\/wp\/v2\/pages\/115","targetHints":{"allow":["GET"]}}],"collection":[{"href":"https:\/\/msdys.com\/appointment\/index.php\/wp-json\/wp\/v2\/pages"}],"about":[{"href":"https:\/\/msdys.com\/appointment\/index.php\/wp-json\/wp\/v2\/types\/page"}],"author":[{"embeddable":true,"href":"https:\/\/msdys.com\/appointment\/index.php\/wp-json\/wp\/v2\/users\/1"}],"replies":[{"embeddable":true,"href":"https:\/\/msdys.com\/appointment\/index.php\/wp-json\/wp\/v2\/comments?post=115"}],"version-history":[{"count":58,"href":"https:\/\/msdys.com\/appointment\/index.php\/wp-json\/wp\/v2\/pages\/115\/revisions"}],"predecessor-version":[{"id":198,"href":"https:\/\/msdys.com\/appointment\/index.php\/wp-json\/wp\/v2\/pages\/115\/revisions\/198"}],"wp:attachment":[{"href":"https:\/\/msdys.com\/appointment\/index.php\/wp-json\/wp\/v2\/media?parent=115"}],"curies":[{"name":"wp","href":"https:\/\/api.w.org\/{rel}","templated":true}]}}